{"id":990,"date":"2023-11-06T17:08:19","date_gmt":"2023-11-06T14:08:19","guid":{"rendered":"https:\/\/efendibilisim.com.tr\/?page_id=990"},"modified":"2026-03-13T22:16:18","modified_gmt":"2026-03-13T19:16:18","slug":"hakkimizda","status":"publish","type":"page","link":"https:\/\/efendibilisim.com.tr\/tr\/hakkimizda\/","title":{"rendered":"Hakk\u0131m\u0131zda"},"content":{"rendered":"\t\t<div data-elementor-type=\"wp-page\" data-elementor-id=\"990\" class=\"elementor elementor-990\" data-elementor-post-type=\"page\">\n\t\t\t\t\t\t<section class=\"elementor-section elementor-top-section elementor-element elementor-element-6cadcd9b elementor-section-boxed elementor-section-height-default elementor-section-height-default\" data-id=\"6cadcd9b\" data-element_type=\"section\" data-e-type=\"section\" data-settings=\"{&quot;background_background&quot;:&quot;classic&quot;}\">\n\t\t\t\t\t\t\t<div class=\"elementor-background-overlay\"><\/div>\n\t\t\t\t\t\t\t<div class=\"elementor-container elementor-column-gap-default\">\n\t\t\t\t\t<div class=\"elementor-column elementor-col-100 elementor-top-column elementor-element elementor-element-cd69175\" data-id=\"cd69175\" data-element_type=\"column\" data-e-type=\"column\">\n\t\t\t<div class=\"elementor-widget-wrap elementor-element-populated\">\n\t\t\t\t\t\t<div class=\"elementor-element elementor-element-20d382d7 elementor-view-default elementor-invisible elementor-widget elementor-widget-icon\" data-id=\"20d382d7\" data-element_type=\"widget\" data-e-type=\"widget\" data-settings=\"{&quot;_animation&quot;:&quot;fadeInUp&quot;}\" data-widget_type=\"icon.default\">\n\t\t\t\t<div class=\"elementor-widget-container\">\n\t\t\t\t\t\t\t<div class=\"elementor-icon-wrapper\">\n\t\t\t<div class=\"elementor-icon\">\n\t\t\t<i aria-hidden=\"true\" class=\"fas fa-users\"><\/i>\t\t\t<\/div>\n\t\t<\/div>\n\t\t\t\t\t\t<\/div>\n\t\t\t\t<\/div>\n\t\t\t\t<div class=\"elementor-element elementor-element-376512dc elementor-invisible elementor-widget elementor-widget-heading\" data-id=\"376512dc\" data-element_type=\"widget\" data-e-type=\"widget\" data-settings=\"{&quot;_animation&quot;:&quot;fadeInUp&quot;,&quot;_animation_delay&quot;:100}\" data-widget_type=\"heading.default\">\n\t\t\t\t<div class=\"elementor-widget-container\">\n\t\t\t\t\t<h1 class=\"elementor-heading-title elementor-size-default\">Hakk\u0131m\u0131zda<\/h1>\t\t\t\t<\/div>\n\t\t\t\t<\/div>\n\t\t\t\t\t<\/div>\n\t\t<\/div>\n\t\t\t\t\t<\/div>\n\t\t<\/section>\n\t\t\t\t<section class=\"elementor-section elementor-top-section elementor-element elementor-element-7d7664c2 elementor-section-boxed elementor-section-height-default elementor-section-height-default\" data-id=\"7d7664c2\" data-element_type=\"section\" data-e-type=\"section\" data-settings=\"{&quot;background_background&quot;:&quot;classic&quot;}\">\n\t\t\t\t\t\t<div class=\"elementor-container elementor-column-gap-default\">\n\t\t\t\t\t<div class=\"elementor-column elementor-col-100 elementor-top-column elementor-element elementor-element-249cf792\" data-id=\"249cf792\" data-element_type=\"column\" data-e-type=\"column\">\n\t\t\t<div class=\"elementor-widget-wrap elementor-element-populated\">\n\t\t\t\t\t\t<div class=\"elementor-element elementor-element-70dd01d6 elementor-hidden-tablet elementor-invisible elementor-widget elementor-widget-text-editor\" data-id=\"70dd01d6\" data-element_type=\"widget\" data-e-type=\"widget\" data-settings=\"{&quot;_animation&quot;:&quot;fadeInUp&quot;,&quot;_animation_delay&quot;:100}\" data-widget_type=\"text-editor.default\">\n\t\t\t\t<div class=\"elementor-widget-container\">\n\t\t\t\t\t\t\t\t\t<section class=\"stats-bar-compact\">\n  <div class=\"stat-item\">\n    <span class=\"stat-number\">30+<\/span>\n    <h5>Kurum Referans\u0131<\/h5>\n    <p>T\u00fcrkiye genelinde dijital d\u00f6n\u00fc\u015f\u00fcm\u00fcne katk\u0131 sa\u011flad\u0131\u011f\u0131m\u0131z yerel y\u00f6netimler.<\/p>\n  <\/div>\n  \n  <div class=\"stat-item\">\n    <span class=\"stat-number\">5M+<\/span>\n    <h5>Dijital Dok\u00fcman<\/h5>\n    <p>Fiziksel ar\u015fivden dijital d\u00fcnyaya, g\u00fcvenle ve hatas\u0131z aktar\u0131lan belge say\u0131s\u0131.<\/p>\n  <\/div>\n  \n  <div class=\"stat-item\">\n    <span class=\"stat-number\">250K+<\/span>\n    <h5>Hektar Ak\u0131ll\u0131 Veri<\/h5>\n    <p>Say\u0131salla\u015ft\u0131r\u0131lan ve CBS standartlar\u0131nda ak\u0131lland\u0131r\u0131lan toplam imar plan\u0131 alan\u0131.<\/p>\n  <\/div>\n  \n  <div class=\"stat-item\">\n    <span class=\"stat-number\">%100<\/span>\n    <h5>Standart Uyumu<\/h5>\n    <p>\u00dcretilen t\u00fcm verilerde OGC ve TUCBS standartlar\u0131na tam ba\u011fl\u0131l\u0131k.<\/p>\n  <\/div>\n<\/section>\n\n<style>\n.stats-bar-compact {\n  display: flex;\n  justify-content: center;\n  flex-wrap: wrap;\n  background-color: #ffffff; \/* Temiz beyaz arka plan *\/\n  padding: 25px 5px; \n  color: #000000;\n  text-align: center;\n  font-family: 'Segoe UI', Tahoma, Geneva, Verdana, sans-serif;\n  border-top: 1px solid #f0f0f0;\n  border-bottom: 1px solid #f0f0f0;\n}\n\n.stat-item {\n  flex: 1;\n  min-width: 160px;\n  max-width: 220px;\n  margin: 10px;\n  padding: 0 10px;\n}\n\n.stat-number {\n  display: block;\n  font-size: 1.6rem; \/* Daha az yer kaplamas\u0131 i\u00e7in optimize edildi *\/\n  font-weight: 800;\n  color: #000000;\n  margin-bottom: 2px;\n}\n\n.stat-item h5 {\n  font-size: 1rem;\n  margin: 4px 0;\n  font-weight: 700;\n  color: #000000;\n  line-height: 1.2;\n}\n\n.stat-item p {\n  font-size: 0.8rem;\n  color: #444444;\n  line-height: 1.3;\n  margin-top: 4px;\n}\n\n\/* Mobil uyumluluk *\/\n@media (max-width: 600px) {\n  .stats-bar-compact {\n    flex-direction: column;\n    align-items: center;\n    padding: 20px 0;\n  }\n  .stat-item {\n    margin-bottom: 15px;\n    border-bottom: 1px solid #fafafa;\n    padding-bottom: 10px;\n  }\n  .stat-item:last-child { border-bottom: none; }\n}\n<\/style>\t\t\t\t\t\t\t\t<\/div>\n\t\t\t\t<\/div>\n\t\t\t\t\t<\/div>\n\t\t<\/div>\n\t\t\t\t\t<\/div>\n\t\t<\/section>\n\t\t\t\t<section class=\"elementor-section elementor-top-section elementor-element elementor-element-a739383 elementor-section-boxed elementor-section-height-default elementor-section-height-default\" data-id=\"a739383\" data-element_type=\"section\" data-e-type=\"section\">\n\t\t\t\t\t\t<div class=\"elementor-container elementor-column-gap-default\">\n\t\t\t\t\t<div class=\"elementor-column elementor-col-100 elementor-top-column elementor-element elementor-element-d670ae2\" data-id=\"d670ae2\" data-element_type=\"column\" data-e-type=\"column\">\n\t\t\t<div class=\"elementor-widget-wrap elementor-element-populated\">\n\t\t\t\t\t\t<section class=\"elementor-section elementor-inner-section elementor-element elementor-element-79a58210 elementor-section-boxed elementor-section-height-default elementor-section-height-default\" data-id=\"79a58210\" data-element_type=\"section\" data-e-type=\"section\">\n\t\t\t\t\t\t<div class=\"elementor-container elementor-column-gap-default\">\n\t\t\t\t\t<div class=\"elementor-column elementor-col-50 elementor-inner-column elementor-element elementor-element-4927d11a\" data-id=\"4927d11a\" data-element_type=\"column\" data-e-type=\"column\">\n\t\t\t<div class=\"elementor-widget-wrap elementor-element-populated\">\n\t\t\t\t\t\t<div class=\"elementor-element elementor-element-290c1d40 elementor-invisible elementor-widget elementor-widget-image\" data-id=\"290c1d40\" data-element_type=\"widget\" data-e-type=\"widget\" data-settings=\"{&quot;_animation&quot;:&quot;fadeInUp&quot;}\" data-widget_type=\"image.default\">\n\t\t\t\t<div class=\"elementor-widget-container\">\n\t\t\t\t\t\t\t\t\t\t\t\t\t\t\t<img fetchpriority=\"high\" decoding=\"async\" width=\"800\" height=\"625\" src=\"https:\/\/efendibilisim.com.tr\/wp-content\/uploads\/2026\/02\/Gemini_Generated_Image_pb33i5pb33i5pb33-1024x800.webp\" class=\"attachment-large size-large wp-image-1660\" alt=\"\" srcset=\"https:\/\/efendibilisim.com.tr\/wp-content\/uploads\/2026\/02\/Gemini_Generated_Image_pb33i5pb33i5pb33-1024x800.webp 1024w, https:\/\/efendibilisim.com.tr\/wp-content\/uploads\/2026\/02\/Gemini_Generated_Image_pb33i5pb33i5pb33-300x234.webp 300w, https:\/\/efendibilisim.com.tr\/wp-content\/uploads\/2026\/02\/Gemini_Generated_Image_pb33i5pb33i5pb33-768x600.webp 768w, https:\/\/efendibilisim.com.tr\/wp-content\/uploads\/2026\/02\/Gemini_Generated_Image_pb33i5pb33i5pb33-1536x1200.webp 1536w, https:\/\/efendibilisim.com.tr\/wp-content\/uploads\/2026\/02\/Gemini_Generated_Image_pb33i5pb33i5pb33-15x12.webp 15w, https:\/\/efendibilisim.com.tr\/wp-content\/uploads\/2026\/02\/Gemini_Generated_Image_pb33i5pb33i5pb33.webp 1920w\" sizes=\"(max-width: 800px) 100vw, 800px\" \/>\t\t\t\t\t\t\t\t\t\t\t\t\t\t\t<\/div>\n\t\t\t\t<\/div>\n\t\t\t\t\t<\/div>\n\t\t<\/div>\n\t\t\t\t<div class=\"elementor-column elementor-col-50 elementor-inner-column elementor-element elementor-element-46be4f7f\" data-id=\"46be4f7f\" data-element_type=\"column\" data-e-type=\"column\">\n\t\t\t<div class=\"elementor-widget-wrap elementor-element-populated\">\n\t\t\t\t\t\t<div class=\"elementor-element elementor-element-8cb9924 elementor-widget elementor-widget-text-editor\" data-id=\"8cb9924\" data-element_type=\"widget\" data-e-type=\"widget\" data-widget_type=\"text-editor.default\">\n\t\t\t\t<div class=\"elementor-widget-container\">\n\t\t\t\t\t\t\t\t\t<p data-path-to-node=\"0\">Efendi Bili\u015fim ve M\u00fchendislik Limited \u015eirketi olarak, modern \u015fehircili\u011fin ve dijitalle\u015fen d\u00fcnyan\u0131n en kritik bile\u015feni olan mek\u00e2nsal veri y\u00f6netimi \u00fczerine \u00e7al\u0131\u015f\u0131yoruz. Geni\u015f uzmanl\u0131k alan\u0131m\u0131z; ileri seviye Co\u011frafi Bilgi Sistemleri (CBS), y\u00fcksek hassasiyetli co\u011frafi ar\u015fiv sistemleri, u\u00e7tan uca co\u011frafi veri \u00fcretimi ve s\u00fcrd\u00fcr\u00fclebilir, ak\u0131ll\u0131 \u015fehir planlama disiplinlerini kapsamaktad\u0131r.<\/p><p data-path-to-node=\"1\">Kurumlar\u0131n fiziksel haf\u0131zas\u0131n\u0131 dijital gelece\u011fe g\u00fcvenle ta\u015f\u0131mak amac\u0131yla; da\u011f\u0131n\u0131k ve karma\u015f\u0131k yap\u0131daki verilerin sistematik olarak d\u00fczenlenmesi, \u00e7ok katmanl\u0131 kurumsal sistemlere entegrasyonu ve y\u00fcksek performansl\u0131 SQL tabanl\u0131 ili\u015fkisel veri tabanlar\u0131nda (PostgreSQL, MSSQL vb.) optimum g\u00fcvenlikle saklanmas\u0131 s\u00fcre\u00e7lerini profesyonel bir m\u00fchendislik titizli\u011fiyle y\u00f6netiyoruz.<\/p><p data-path-to-node=\"2\">Veriyi sadece bir depolama birimi olarak g\u00f6rm\u00fcyor; uluslararas\u0131 OGC standartlar\u0131nda sundu\u011fumuz WMS, WFS ve WCS web servisleri arac\u0131l\u0131\u011f\u0131yla, bilginin her an her yerden eri\u015filebilir, anl\u0131k olarak analiz edilebilir ve kurumlar aras\u0131 payla\u015f\u0131ma a\u00e7\u0131k dinamik bir ekosisteme d\u00f6n\u00fc\u015fmesini sa\u011fl\u0131yoruz. Uzmanl\u0131\u011f\u0131m\u0131z\u0131 yenilik\u00e7i teknolojilerle harmanlayarak, kamu kurumlar\u0131, yerel y\u00f6netimler ve \u00f6zel sekt\u00f6r\u00a0 payda\u015flar\u0131m\u0131za; hata pay\u0131n\u0131 minimize eden, stratejik karar destek s\u00fcre\u00e7lerini h\u0131zland\u0131ran ve kurumsal verimlili\u011fi dijital \u00e7a\u011f\u0131n standartlar\u0131na ta\u015f\u0131yan u\u00e7tan uca konumsal \u00e7\u00f6z\u00fcmler sunuyoruz.<\/p>\t\t\t\t\t\t\t\t<\/div>\n\t\t\t\t<\/div>\n\t\t\t\t\t<\/div>\n\t\t<\/div>\n\t\t\t\t\t<\/div>\n\t\t<\/section>\n\t\t\t\t<div class=\"elementor-element elementor-element-c884b77 elementor-invisible elementor-widget elementor-widget-heading\" data-id=\"c884b77\" data-element_type=\"widget\" data-e-type=\"widget\" data-settings=\"{&quot;_animation&quot;:&quot;fadeInUp&quot;}\" data-widget_type=\"heading.default\">\n\t\t\t\t<div class=\"elementor-widget-container\">\n\t\t\t\t\t<h2 class=\"elementor-heading-title elementor-size-default\">Referanslar\u0131m\u0131z<\/h2>\t\t\t\t<\/div>\n\t\t\t\t<\/div>\n\t\t\t\t<section class=\"elementor-section elementor-inner-section elementor-element elementor-element-c9baf7a elementor-section-boxed elementor-section-height-default elementor-section-height-default\" data-id=\"c9baf7a\" data-element_type=\"section\" data-e-type=\"section\">\n\t\t\t\t\t\t<div class=\"elementor-container elementor-column-gap-default\">\n\t\t\t\t\t<div class=\"elementor-column elementor-col-100 elementor-inner-column elementor-element elementor-element-938aa9f elementor-invisible\" data-id=\"938aa9f\" data-element_type=\"column\" data-e-type=\"column\" data-settings=\"{&quot;animation&quot;:&quot;fadeInUp&quot;}\">\n\t\t\t<div class=\"elementor-widget-wrap elementor-element-populated\">\n\t\t\t\t\t\t<div class=\"elementor-element elementor-element-a73ccc2 elementor-arrows-position-inside elementor-pagination-position-outside elementor-widget elementor-widget-image-carousel\" data-id=\"a73ccc2\" data-element_type=\"widget\" data-e-type=\"widget\" data-settings=\"{&quot;slides_to_show&quot;:&quot;5&quot;,&quot;navigation&quot;:&quot;both&quot;,&quot;autoplay&quot;:&quot;yes&quot;,&quot;pause_on_hover&quot;:&quot;yes&quot;,&quot;pause_on_interaction&quot;:&quot;yes&quot;,&quot;autoplay_speed&quot;:5000,&quot;infinite&quot;:&quot;yes&quot;,&quot;speed&quot;:500}\" data-widget_type=\"image-carousel.default\">\n\t\t\t\t<div class=\"elementor-widget-container\">\n\t\t\t\t\t\t\t<div class=\"elementor-image-carousel-wrapper swiper\" role=\"region\" aria-roledescription=\"carousel\" aria-label=\"Resim D\u00f6ng\u00fcs\u00fc\" dir=\"ltr\">\n\t\t\t<div class=\"elementor-image-carousel swiper-wrapper\" aria-live=\"off\">\n\t\t\t\t\t\t\t\t<div class=\"swiper-slide\" role=\"group\" aria-roledescription=\"slide\" aria-label=\"1 \/ 13\"><figure class=\"swiper-slide-inner\"><img decoding=\"async\" class=\"swiper-slide-image\" src=\"https:\/\/efendibilisim.com.tr\/wp-content\/uploads\/2023\/10\/turksat-150x150.webp\" alt=\"turksat\" \/><\/figure><\/div><div class=\"swiper-slide\" role=\"group\" aria-roledescription=\"slide\" aria-label=\"2 \/ 13\"><figure class=\"swiper-slide-inner\"><img decoding=\"async\" class=\"swiper-slide-image\" src=\"https:\/\/efendibilisim.com.tr\/wp-content\/uploads\/2023\/10\/sivas-150x150.webp\" alt=\"sivas\" \/><\/figure><\/div><div class=\"swiper-slide\" role=\"group\" aria-roledescription=\"slide\" aria-label=\"3 \/ 13\"><figure class=\"swiper-slide-inner\"><img decoding=\"async\" class=\"swiper-slide-image\" src=\"https:\/\/efendibilisim.com.tr\/wp-content\/uploads\/2023\/10\/mamak-belediyesi-150x150.webp\" alt=\"mamak-belediyesi\" \/><\/figure><\/div><div class=\"swiper-slide\" role=\"group\" aria-roledescription=\"slide\" aria-label=\"4 \/ 13\"><figure class=\"swiper-slide-inner\"><img decoding=\"async\" class=\"swiper-slide-image\" src=\"https:\/\/efendibilisim.com.tr\/wp-content\/uploads\/2023\/10\/kayseri-buyuksehir-belediyesi-150x150.webp\" alt=\"kayseri-buyuksehir-belediyesi\" \/><\/figure><\/div><div class=\"swiper-slide\" role=\"group\" aria-roledescription=\"slide\" aria-label=\"5 \/ 13\"><figure class=\"swiper-slide-inner\"><img decoding=\"async\" class=\"swiper-slide-image\" src=\"https:\/\/efendibilisim.com.tr\/wp-content\/uploads\/2023\/10\/erzurum-1-150x150.webp\" alt=\"erzurum-1\" \/><\/figure><\/div><div class=\"swiper-slide\" role=\"group\" aria-roledescription=\"slide\" aria-label=\"6 \/ 13\"><figure class=\"swiper-slide-inner\"><img decoding=\"async\" class=\"swiper-slide-image\" src=\"https:\/\/efendibilisim.com.tr\/wp-content\/uploads\/2023\/10\/cevre-150x150.webp\" alt=\"cevre\" \/><\/figure><\/div><div class=\"swiper-slide\" role=\"group\" aria-roledescription=\"slide\" aria-label=\"7 \/ 13\"><figure class=\"swiper-slide-inner\"><img decoding=\"async\" class=\"swiper-slide-image\" src=\"https:\/\/efendibilisim.com.tr\/wp-content\/uploads\/2023\/10\/burhaniye-belediyesi-150x150.webp\" alt=\"burhaniye-belediyesi\" \/><\/figure><\/div><div class=\"swiper-slide\" role=\"group\" aria-roledescription=\"slide\" aria-label=\"8 \/ 13\"><figure class=\"swiper-slide-inner\"><img decoding=\"async\" class=\"swiper-slide-image\" src=\"https:\/\/efendibilisim.com.tr\/wp-content\/uploads\/2023\/10\/balikesir-buyuksehir-belediyesi-150x150.webp\" alt=\"balikesir-buyuksehir-belediyesi\" \/><\/figure><\/div><div class=\"swiper-slide\" role=\"group\" aria-roledescription=\"slide\" aria-label=\"9 \/ 13\"><figure class=\"swiper-slide-inner\"><img decoding=\"async\" class=\"swiper-slide-image\" src=\"https:\/\/efendibilisim.com.tr\/wp-content\/uploads\/2023\/10\/antalya-buyuksehir-belediyesi-150x150.webp\" alt=\"antalya-buyuksehir-belediyesi\" \/><\/figure><\/div><div class=\"swiper-slide\" role=\"group\" aria-roledescription=\"slide\" aria-label=\"10 \/ 13\"><figure class=\"swiper-slide-inner\"><img decoding=\"async\" class=\"swiper-slide-image\" src=\"https:\/\/efendibilisim.com.tr\/wp-content\/uploads\/2023\/10\/ankara-buyuksehir-belediyesi-150x150.webp\" alt=\"ankara-buyuksehir-belediyesi\" \/><\/figure><\/div><div class=\"swiper-slide\" role=\"group\" aria-roledescription=\"slide\" aria-label=\"11 \/ 13\"><figure class=\"swiper-slide-inner\"><img decoding=\"async\" class=\"swiper-slide-image\" src=\"https:\/\/efendibilisim.com.tr\/wp-content\/uploads\/2023\/10\/akhisar-belediyesi-150x150.webp\" alt=\"akhisar-belediyesi\" \/><\/figure><\/div><div class=\"swiper-slide\" role=\"group\" aria-roledescription=\"slide\" aria-label=\"12 \/ 13\"><figure class=\"swiper-slide-inner\"><img decoding=\"async\" class=\"swiper-slide-image\" src=\"https:\/\/efendibilisim.com.tr\/wp-content\/uploads\/2023\/10\/akcaabat-belediyesi-150x150.webp\" alt=\"akcaabat-belediyesi\" \/><\/figure><\/div><div class=\"swiper-slide\" role=\"group\" aria-roledescription=\"slide\" aria-label=\"13 \/ 13\"><figure class=\"swiper-slide-inner\"><img decoding=\"async\" class=\"swiper-slide-image\" src=\"https:\/\/efendibilisim.com.tr\/wp-content\/uploads\/2023\/10\/adana-150x150.webp\" alt=\"adana\" \/><\/figure><\/div>\t\t\t<\/div>\n\t\t\t\t\t\t\t\t\t\t\t\t<div class=\"elementor-swiper-button elementor-swiper-button-prev\" role=\"button\" tabindex=\"0\">\n\t\t\t\t\t\t<i aria-hidden=\"true\" class=\"eicon-chevron-left\"><\/i>\t\t\t\t\t<\/div>\n\t\t\t\t\t<div class=\"elementor-swiper-button elementor-swiper-button-next\" role=\"button\" tabindex=\"0\">\n\t\t\t\t\t\t<i aria-hidden=\"true\" class=\"eicon-chevron-right\"><\/i>\t\t\t\t\t<\/div>\n\t\t\t\t\n\t\t\t\t\t\t\t\t\t<div class=\"swiper-pagination\"><\/div>\n\t\t\t\t\t\t\t\t\t<\/div>\n\t\t\t\t\t\t<\/div>\n\t\t\t\t<\/div>\n\t\t\t\t\t<\/div>\n\t\t<\/div>\n\t\t\t\t\t<\/div>\n\t\t<\/section>\n\t\t\t\t\t<\/div>\n\t\t<\/div>\n\t\t\t\t\t<\/div>\n\t\t<\/section>\n\t\t\t\t<\/div>\n\t\t","protected":false},"excerpt":{"rendered":"<p>Hakk\u0131m\u0131zda 30+ Kurum Referans\u0131 T\u00fcrkiye genelinde dijital d\u00f6n\u00fc\u015f\u00fcm\u00fcne katk\u0131 sa\u011flad\u0131\u011f\u0131m\u0131z yerel y\u00f6netimler. 5M+ Dijital Dok\u00fcman Fiziksel ar\u015fivden dijital d\u00fcnyaya, g\u00fcvenle ve hatas\u0131z aktar\u0131lan belge say\u0131s\u0131. 250K+ Hektar Ak\u0131ll\u0131 Veri Say\u0131salla\u015ft\u0131r\u0131lan ve CBS standartlar\u0131nda ak\u0131lland\u0131r\u0131lan toplam imar plan\u0131 alan\u0131. %100 Standart Uyumu \u00dcretilen t\u00fcm verilerde OGC ve TUCBS standartlar\u0131na tam ba\u011fl\u0131l\u0131k. .stats-bar-compact { display: flex; justify-content: [&hellip;]<\/p>\n","protected":false},"author":1,"featured_media":0,"parent":0,"menu_order":0,"comment_status":"closed","ping_status":"closed","template":"elementor_header_footer","meta":{"footnotes":""},"class_list":["post-990","page","type-page","status-publish","hentry"],"aioseo_notices":[],"_links":{"self":[{"href":"https:\/\/efendibilisim.com.tr\/tr\/wp-json\/wp\/v2\/pages\/990","targetHints":{"allow":["GET"]}}],"collection":[{"href":"https:\/\/efendibilisim.com.tr\/tr\/wp-json\/wp\/v2\/pages"}],"about":[{"href":"https:\/\/efendibilisim.com.tr\/tr\/wp-json\/wp\/v2\/types\/page"}],"author":[{"embeddable":true,"href":"https:\/\/efendibilisim.com.tr\/tr\/wp-json\/wp\/v2\/users\/1"}],"replies":[{"embeddable":true,"href":"https:\/\/efendibilisim.com.tr\/tr\/wp-json\/wp\/v2\/comments?post=990"}],"version-history":[{"count":52,"href":"https:\/\/efendibilisim.com.tr\/tr\/wp-json\/wp\/v2\/pages\/990\/revisions"}],"predecessor-version":[{"id":1763,"href":"https:\/\/efendibilisim.com.tr\/tr\/wp-json\/wp\/v2\/pages\/990\/revisions\/1763"}],"wp:attachment":[{"href":"https:\/\/efendibilisim.com.tr\/tr\/wp-json\/wp\/v2\/media?parent=990"}],"curies":[{"name":"wp","href":"https:\/\/api.w.org\/{rel}","templated":true}]}}