{"id":990,"date":"2023-11-06T17:08:19","date_gmt":"2023-11-06T14:08:19","guid":{"rendered":"https:\/\/efendibilisim.com.tr\/?page_id=990"},"modified":"2026-03-13T22:16:18","modified_gmt":"2026-03-13T19:16:18","slug":"hakkimizda","status":"publish","type":"page","link":"https:\/\/efendibilisim.com.tr\/en\/hakkimizda\/","title":{"rendered":"About Us"},"content":{"rendered":"<div data-elementor-type=\"wp-page\" data-elementor-id=\"990\" class=\"elementor elementor-990\" data-elementor-post-type=\"page\">\n\t\t\t\t\t\t<section class=\"elementor-section elementor-top-section elementor-element elementor-element-6cadcd9b elementor-section-boxed elementor-section-height-default elementor-section-height-default\" data-id=\"6cadcd9b\" data-element_type=\"section\" data-e-type=\"section\" data-settings=\"{&quot;background_background&quot;:&quot;classic&quot;}\">\n\t\t\t\t\t\t\t<div class=\"elementor-background-overlay\"><\/div>\n\t\t\t\t\t\t\t<div class=\"elementor-container elementor-column-gap-default\">\n\t\t\t\t\t<div class=\"elementor-column elementor-col-100 elementor-top-column elementor-element elementor-element-cd69175\" data-id=\"cd69175\" data-element_type=\"column\" data-e-type=\"column\">\n\t\t\t<div class=\"elementor-widget-wrap elementor-element-populated\">\n\t\t\t\t\t\t<div class=\"elementor-element elementor-element-20d382d7 elementor-view-default elementor-invisible elementor-widget elementor-widget-icon\" data-id=\"20d382d7\" data-element_type=\"widget\" data-e-type=\"widget\" data-settings=\"{&quot;_animation&quot;:&quot;fadeInUp&quot;}\" data-widget_type=\"icon.default\">\n\t\t\t\t<div class=\"elementor-widget-container\">\n\t\t\t\t\t\t\t<div class=\"elementor-icon-wrapper\">\n\t\t\t<div class=\"elementor-icon\">\n\t\t\t<i aria-hidden=\"true\" class=\"fas fa-users\"><\/i>\t\t\t<\/div>\n\t\t<\/div>\n\t\t\t\t\t\t<\/div>\n\t\t\t\t<\/div>\n\t\t\t\t<div class=\"elementor-element elementor-element-376512dc elementor-invisible elementor-widget elementor-widget-heading\" data-id=\"376512dc\" data-element_type=\"widget\" data-e-type=\"widget\" data-settings=\"{&quot;_animation&quot;:&quot;fadeInUp&quot;,&quot;_animation_delay&quot;:100}\" data-widget_type=\"heading.default\">\n\t\t\t\t<div class=\"elementor-widget-container\">\n\t\t\t\t\t<h1 class=\"elementor-heading-title elementor-size-default\">About Us<\/h1>\t\t\t\t<\/div>\n\t\t\t\t<\/div>\n\t\t\t\t\t<\/div>\n\t\t<\/div>\n\t\t\t\t\t<\/div>\n\t\t<\/section>\n\t\t\t\t<section class=\"elementor-section elementor-top-section elementor-element elementor-element-7d7664c2 elementor-section-boxed elementor-section-height-default elementor-section-height-default\" data-id=\"7d7664c2\" data-element_type=\"section\" data-e-type=\"section\" data-settings=\"{&quot;background_background&quot;:&quot;classic&quot;}\">\n\t\t\t\t\t\t<div class=\"elementor-container elementor-column-gap-default\">\n\t\t\t\t\t<div class=\"elementor-column elementor-col-100 elementor-top-column elementor-element elementor-element-249cf792\" data-id=\"249cf792\" data-element_type=\"column\" data-e-type=\"column\">\n\t\t\t<div class=\"elementor-widget-wrap elementor-element-populated\">\n\t\t\t\t\t\t<div class=\"elementor-element elementor-element-70dd01d6 elementor-hidden-tablet elementor-invisible elementor-widget elementor-widget-text-editor\" data-id=\"70dd01d6\" data-element_type=\"widget\" data-e-type=\"widget\" data-settings=\"{&quot;_animation&quot;:&quot;fadeInUp&quot;,&quot;_animation_delay&quot;:100}\" data-widget_type=\"text-editor.default\">\n\t\t\t\t<div class=\"elementor-widget-container\">\n\t\t\t\t\t\t\t\t\t<section class=\"stats-bar-compact\">\n  <div class=\"stat-item\">\n    <span class=\"stat-number\">30+<\/span>\n    <h5>Institutional References<\/h5>\n    <p>Local governments across Turkey whose digital transformation we have contributed to.\"<\/p>\n  <\/div>\n  \n  <div class=\"stat-item\">\n    <span class=\"stat-number\">5M+<\/span>\n    <h5>Digital Documents<\/h5>\n    <p>The number of documents securely and accurately transferred from physical archives to the digital world.<\/p>\n  <\/div>\n  \n  <div class=\"stat-item\">\n    <span class=\"stat-number\">250K+<\/span>\n    <h5>Hectares of Smart Data<\/h5>\n    <p>Total area of zoning plans digitized and intelligently enhanced in accordance with GIS standards.<\/p>\n  <\/div>\n  \n  <div class=\"stat-item\">\n    <span class=\"stat-number\">%100<\/span>\n    <h5>Adherence to Standards<\/h5>\n    <p>Full adherence to OGC and INSPIRE standards in all generated data.<\/p>\n  <\/div>\n<\/section>\n\n<style>\n.stats-bar-compact {\n  display: flex;\n  justify-content: center;\n  flex-wrap: wrap;\n  background-color: #ffffff; \/* Temiz beyaz arka plan *\/\n  padding: 25px 5px; \n  color: #000000;\n  text-align: center;\n  font-family: 'Segoe UI', Tahoma, Geneva, Verdana, sans-serif;\n  border-top: 1px solid #f0f0f0;\n  border-bottom: 1px solid #f0f0f0;\n}\n\n.stat-item {\n  flex: 1;\n  min-width: 160px;\n  max-width: 220px;\n  margin: 10px;\n  padding: 0 10px;\n}\n\n.stat-number {\n  display: block;\n  font-size: 1.6rem; \/* Daha az yer kaplamas\u0131 i\u00e7in optimize edildi *\/\n  font-weight: 800;\n  color: #000000;\n  margin-bottom: 2px;\n}\n\n.stat-item h5 {\n  font-size: 1rem;\n  margin: 4px 0;\n  font-weight: 700;\n  color: #000000;\n  line-height: 1.2;\n}\n\n.stat-item p {\n  font-size: 0.8rem;\n  color: #444444;\n  line-height: 1.3;\n  margin-top: 4px;\n}\n\n\/* Mobil uyumluluk *\/\n@media (max-width: 600px) {\n  .stats-bar-compact {\n    flex-direction: column;\n    align-items: center;\n    padding: 20px 0;\n  }\n  .stat-item {\n    margin-bottom: 15px;\n    border-bottom: 1px solid #fafafa;\n    padding-bottom: 10px;\n  }\n  .stat-item:last-child { border-bottom: none; }\n}\n<\/style>\t\t\t\t\t\t\t\t<\/div>\n\t\t\t\t<\/div>\n\t\t\t\t\t<\/div>\n\t\t<\/div>\n\t\t\t\t\t<\/div>\n\t\t<\/section>\n\t\t\t\t<section class=\"elementor-section elementor-top-section elementor-element elementor-element-a739383 elementor-section-boxed elementor-section-height-default elementor-section-height-default\" data-id=\"a739383\" data-element_type=\"section\" data-e-type=\"section\">\n\t\t\t\t\t\t<div class=\"elementor-container elementor-column-gap-default\">\n\t\t\t\t\t<div class=\"elementor-column elementor-col-100 elementor-top-column elementor-element elementor-element-d670ae2\" data-id=\"d670ae2\" data-element_type=\"column\" data-e-type=\"column\">\n\t\t\t<div class=\"elementor-widget-wrap elementor-element-populated\">\n\t\t\t\t\t\t<section class=\"elementor-section elementor-inner-section elementor-element elementor-element-79a58210 elementor-section-boxed elementor-section-height-default elementor-section-height-default\" data-id=\"79a58210\" data-element_type=\"section\" data-e-type=\"section\">\n\t\t\t\t\t\t<div class=\"elementor-container elementor-column-gap-default\">\n\t\t\t\t\t<div class=\"elementor-column elementor-col-50 elementor-inner-column elementor-element elementor-element-4927d11a\" data-id=\"4927d11a\" data-element_type=\"column\" data-e-type=\"column\">\n\t\t\t<div class=\"elementor-widget-wrap elementor-element-populated\">\n\t\t\t\t\t\t<div class=\"elementor-element elementor-element-290c1d40 elementor-invisible elementor-widget elementor-widget-image\" data-id=\"290c1d40\" data-element_type=\"widget\" data-e-type=\"widget\" data-settings=\"{&quot;_animation&quot;:&quot;fadeInUp&quot;}\" data-widget_type=\"image.default\">\n\t\t\t\t<div class=\"elementor-widget-container\">\n\t\t\t\t\t\t\t\t\t\t\t\t\t\t\t<img fetchpriority=\"high\" decoding=\"async\" width=\"800\" height=\"625\" src=\"https:\/\/efendibilisim.com.tr\/wp-content\/uploads\/2026\/02\/Gemini_Generated_Image_pb33i5pb33i5pb33-1024x800.webp\" class=\"attachment-large size-large wp-image-1660\" alt=\"\" srcset=\"https:\/\/efendibilisim.com.tr\/wp-content\/uploads\/2026\/02\/Gemini_Generated_Image_pb33i5pb33i5pb33-1024x800.webp 1024w, https:\/\/efendibilisim.com.tr\/wp-content\/uploads\/2026\/02\/Gemini_Generated_Image_pb33i5pb33i5pb33-300x234.webp 300w, https:\/\/efendibilisim.com.tr\/wp-content\/uploads\/2026\/02\/Gemini_Generated_Image_pb33i5pb33i5pb33-768x600.webp 768w, https:\/\/efendibilisim.com.tr\/wp-content\/uploads\/2026\/02\/Gemini_Generated_Image_pb33i5pb33i5pb33-1536x1200.webp 1536w, https:\/\/efendibilisim.com.tr\/wp-content\/uploads\/2026\/02\/Gemini_Generated_Image_pb33i5pb33i5pb33-15x12.webp 15w, https:\/\/efendibilisim.com.tr\/wp-content\/uploads\/2026\/02\/Gemini_Generated_Image_pb33i5pb33i5pb33.webp 1920w\" sizes=\"(max-width: 800px) 100vw, 800px\" \/>\t\t\t\t\t\t\t\t\t\t\t\t\t\t\t<\/div>\n\t\t\t\t<\/div>\n\t\t\t\t\t<\/div>\n\t\t<\/div>\n\t\t\t\t<div class=\"elementor-column elementor-col-50 elementor-inner-column elementor-element elementor-element-46be4f7f\" data-id=\"46be4f7f\" data-element_type=\"column\" data-e-type=\"column\">\n\t\t\t<div class=\"elementor-widget-wrap elementor-element-populated\">\n\t\t\t\t\t\t<div class=\"elementor-element elementor-element-8cb9924 elementor-widget elementor-widget-text-editor\" data-id=\"8cb9924\" data-element_type=\"widget\" data-e-type=\"widget\" data-widget_type=\"text-editor.default\">\n\t\t\t\t<div class=\"elementor-widget-container\">\n\t\t\t\t\t\t\t\t\t<p data-path-to-node=\"0\">As Efendi Bili\u015fim and Engineering Limited Company, we focus on spatial data management, the most critical component of modern urbanization and the digitalizing world. Our broad expertise encompasses advanced Geographic Information Systems (GIS), high-precision geographic archive systems, end-to-end geographic data production, and sustainable, smart city planning disciplines.<\/p><p data-path-to-node=\"1\">With the goal of securely carrying the physical memory of institutions into the digital future, we manage the processes of systematically organizing scattered and complex data, integrating them into multi-layered corporate systems, and storing them with optimum security in high-performance SQL-based relational databases (PostgreSQL, MSSQL, etc.) with professional engineering rigor.<\/p><p data-path-to-node=\"2\">We do not view data merely as a storage unit; through the WMS, WFS, and WCS web services we provide at international OGC standards, we ensure that information transforms into a dynamic ecosystem\u2014accessible from anywhere at any time, instantly analyzable, and open for inter-institutional sharing. By blending our expertise with innovative technologies, we offer our public, local government, and private sector stakeholders end-to-end geospatial solutions that minimize margins of error, accelerate strategic decision support processes, and elevate corporate efficiency to the standards of the digital age.<\/p>\t\t\t\t\t\t\t\t<\/div>\n\t\t\t\t<\/div>\n\t\t\t\t\t<\/div>\n\t\t<\/div>\n\t\t\t\t\t<\/div>\n\t\t<\/section>\n\t\t\t\t<div class=\"elementor-element elementor-element-c884b77 elementor-invisible elementor-widget elementor-widget-heading\" data-id=\"c884b77\" data-element_type=\"widget\" data-e-type=\"widget\" data-settings=\"{&quot;_animation&quot;:&quot;fadeInUp&quot;}\" data-widget_type=\"heading.default\">\n\t\t\t\t<div class=\"elementor-widget-container\">\n\t\t\t\t\t<h2 class=\"elementor-heading-title elementor-size-default\">Our References<\/h2>\t\t\t\t<\/div>\n\t\t\t\t<\/div>\n\t\t\t\t<section class=\"elementor-section elementor-inner-section elementor-element elementor-element-c9baf7a elementor-section-boxed elementor-section-height-default elementor-section-height-default\" data-id=\"c9baf7a\" data-element_type=\"section\" data-e-type=\"section\">\n\t\t\t\t\t\t<div class=\"elementor-container elementor-column-gap-default\">\n\t\t\t\t\t<div class=\"elementor-column elementor-col-100 elementor-inner-column elementor-element elementor-element-938aa9f elementor-invisible\" data-id=\"938aa9f\" data-element_type=\"column\" data-e-type=\"column\" data-settings=\"{&quot;animation&quot;:&quot;fadeInUp&quot;}\">\n\t\t\t<div class=\"elementor-widget-wrap elementor-element-populated\">\n\t\t\t\t\t\t<div class=\"elementor-element elementor-element-a73ccc2 elementor-arrows-position-inside elementor-pagination-position-outside elementor-widget elementor-widget-image-carousel\" data-id=\"a73ccc2\" data-element_type=\"widget\" data-e-type=\"widget\" data-settings=\"{&quot;slides_to_show&quot;:&quot;5&quot;,&quot;navigation&quot;:&quot;both&quot;,&quot;autoplay&quot;:&quot;yes&quot;,&quot;pause_on_hover&quot;:&quot;yes&quot;,&quot;pause_on_interaction&quot;:&quot;yes&quot;,&quot;autoplay_speed&quot;:5000,&quot;infinite&quot;:&quot;yes&quot;,&quot;speed&quot;:500}\" data-widget_type=\"image-carousel.default\">\n\t\t\t\t<div class=\"elementor-widget-container\">\n\t\t\t\t\t\t\t<div class=\"elementor-image-carousel-wrapper swiper\" role=\"region\" aria-roledescription=\"carousel\" aria-label=\"Resim D\u00f6ng\u00fcs\u00fc\" dir=\"ltr\">\n\t\t\t<div class=\"elementor-image-carousel swiper-wrapper\" aria-live=\"off\">\n\t\t\t\t\t\t\t\t<div class=\"swiper-slide\" role=\"group\" aria-roledescription=\"slide\" aria-label=\"1 of 13\"><figure class=\"swiper-slide-inner\"><img decoding=\"async\" class=\"swiper-slide-image\" src=\"https:\/\/efendibilisim.com.tr\/wp-content\/uploads\/2023\/10\/turksat-150x150.webp\" alt=\"turksat\" \/><\/figure><\/div><div class=\"swiper-slide\" role=\"group\" aria-roledescription=\"slide\" aria-label=\"2 of 13\"><figure class=\"swiper-slide-inner\"><img decoding=\"async\" class=\"swiper-slide-image\" src=\"https:\/\/efendibilisim.com.tr\/wp-content\/uploads\/2023\/10\/sivas-150x150.webp\" alt=\"sivas\" \/><\/figure><\/div><div class=\"swiper-slide\" role=\"group\" aria-roledescription=\"slide\" aria-label=\"3 of 13\"><figure class=\"swiper-slide-inner\"><img decoding=\"async\" class=\"swiper-slide-image\" src=\"https:\/\/efendibilisim.com.tr\/wp-content\/uploads\/2023\/10\/mamak-belediyesi-150x150.webp\" alt=\"mamak-belediyesi\" \/><\/figure><\/div><div class=\"swiper-slide\" role=\"group\" aria-roledescription=\"slide\" aria-label=\"4 of 13\"><figure class=\"swiper-slide-inner\"><img decoding=\"async\" class=\"swiper-slide-image\" src=\"https:\/\/efendibilisim.com.tr\/wp-content\/uploads\/2023\/10\/kayseri-buyuksehir-belediyesi-150x150.webp\" alt=\"kayseri-buyuksehir-belediyesi\" \/><\/figure><\/div><div class=\"swiper-slide\" role=\"group\" aria-roledescription=\"slide\" aria-label=\"5 of 13\"><figure class=\"swiper-slide-inner\"><img decoding=\"async\" class=\"swiper-slide-image\" src=\"https:\/\/efendibilisim.com.tr\/wp-content\/uploads\/2023\/10\/erzurum-1-150x150.webp\" alt=\"erzurum-1\" \/><\/figure><\/div><div class=\"swiper-slide\" role=\"group\" aria-roledescription=\"slide\" aria-label=\"6 of 13\"><figure class=\"swiper-slide-inner\"><img decoding=\"async\" class=\"swiper-slide-image\" src=\"https:\/\/efendibilisim.com.tr\/wp-content\/uploads\/2023\/10\/cevre-150x150.webp\" alt=\"cevre\" \/><\/figure><\/div><div class=\"swiper-slide\" role=\"group\" aria-roledescription=\"slide\" aria-label=\"7 of 13\"><figure class=\"swiper-slide-inner\"><img decoding=\"async\" class=\"swiper-slide-image\" src=\"https:\/\/efendibilisim.com.tr\/wp-content\/uploads\/2023\/10\/burhaniye-belediyesi-150x150.webp\" alt=\"burhaniye-belediyesi\" \/><\/figure><\/div><div class=\"swiper-slide\" role=\"group\" aria-roledescription=\"slide\" aria-label=\"8 of 13\"><figure class=\"swiper-slide-inner\"><img decoding=\"async\" class=\"swiper-slide-image\" src=\"https:\/\/efendibilisim.com.tr\/wp-content\/uploads\/2023\/10\/balikesir-buyuksehir-belediyesi-150x150.webp\" alt=\"balikesir-buyuksehir-belediyesi\" \/><\/figure><\/div><div class=\"swiper-slide\" role=\"group\" aria-roledescription=\"slide\" aria-label=\"9 of 13\"><figure class=\"swiper-slide-inner\"><img decoding=\"async\" class=\"swiper-slide-image\" src=\"https:\/\/efendibilisim.com.tr\/wp-content\/uploads\/2023\/10\/antalya-buyuksehir-belediyesi-150x150.webp\" alt=\"antalya-buyuksehir-belediyesi\" \/><\/figure><\/div><div class=\"swiper-slide\" role=\"group\" aria-roledescription=\"slide\" aria-label=\"10 of 13\"><figure class=\"swiper-slide-inner\"><img decoding=\"async\" class=\"swiper-slide-image\" src=\"https:\/\/efendibilisim.com.tr\/wp-content\/uploads\/2023\/10\/ankara-buyuksehir-belediyesi-150x150.webp\" alt=\"ankara-buyuksehir-belediyesi\" \/><\/figure><\/div><div class=\"swiper-slide\" role=\"group\" aria-roledescription=\"slide\" aria-label=\"11 of 13\"><figure class=\"swiper-slide-inner\"><img decoding=\"async\" class=\"swiper-slide-image\" src=\"https:\/\/efendibilisim.com.tr\/wp-content\/uploads\/2023\/10\/akhisar-belediyesi-150x150.webp\" alt=\"akhisar-belediyesi\" \/><\/figure><\/div><div class=\"swiper-slide\" role=\"group\" aria-roledescription=\"slide\" aria-label=\"12 of 13\"><figure class=\"swiper-slide-inner\"><img decoding=\"async\" class=\"swiper-slide-image\" src=\"https:\/\/efendibilisim.com.tr\/wp-content\/uploads\/2023\/10\/akcaabat-belediyesi-150x150.webp\" alt=\"akcaabat-belediyesi\" \/><\/figure><\/div><div class=\"swiper-slide\" role=\"group\" aria-roledescription=\"slide\" aria-label=\"13 of 13\"><figure class=\"swiper-slide-inner\"><img decoding=\"async\" class=\"swiper-slide-image\" src=\"https:\/\/efendibilisim.com.tr\/wp-content\/uploads\/2023\/10\/adana-150x150.webp\" alt=\"adana\" \/><\/figure><\/div>\t\t\t<\/div>\n\t\t\t\t\t\t\t\t\t\t\t\t<div class=\"elementor-swiper-button elementor-swiper-button-prev\" role=\"button\" tabindex=\"0\">\n\t\t\t\t\t\t<i aria-hidden=\"true\" class=\"eicon-chevron-left\"><\/i>\t\t\t\t\t<\/div>\n\t\t\t\t\t<div class=\"elementor-swiper-button elementor-swiper-button-next\" role=\"button\" tabindex=\"0\">\n\t\t\t\t\t\t<i aria-hidden=\"true\" class=\"eicon-chevron-right\"><\/i>\t\t\t\t\t<\/div>\n\t\t\t\t\n\t\t\t\t\t\t\t\t\t<div class=\"swiper-pagination\"><\/div>\n\t\t\t\t\t\t\t\t\t<\/div>\n\t\t\t\t\t\t<\/div>\n\t\t\t\t<\/div>\n\t\t\t\t\t<\/div>\n\t\t<\/div>\n\t\t\t\t\t<\/div>\n\t\t<\/section>\n\t\t\t\t\t<\/div>\n\t\t<\/div>\n\t\t\t\t\t<\/div>\n\t\t<\/section>\n\t\t\t\t<\/div>","protected":false},"excerpt":{"rendered":"<p>Hakk\u0131m\u0131zda 30+ Kurum Referans\u0131 T\u00fcrkiye genelinde dijital d\u00f6n\u00fc\u015f\u00fcm\u00fcne katk\u0131 sa\u011flad\u0131\u011f\u0131m\u0131z yerel y\u00f6netimler. 5M+ Dijital Dok\u00fcman Fiziksel ar\u015fivden dijital d\u00fcnyaya, g\u00fcvenle ve hatas\u0131z aktar\u0131lan belge say\u0131s\u0131. 250K+ Hektar Ak\u0131ll\u0131 Veri Say\u0131salla\u015ft\u0131r\u0131lan ve CBS standartlar\u0131nda ak\u0131lland\u0131r\u0131lan toplam imar plan\u0131 alan\u0131. %100 Standart Uyumu \u00dcretilen t\u00fcm verilerde OGC ve TUCBS standartlar\u0131na tam ba\u011fl\u0131l\u0131k. .stats-bar-compact { display: flex; justify-content: [&hellip;]<\/p>\n","protected":false},"author":1,"featured_media":0,"parent":0,"menu_order":0,"comment_status":"closed","ping_status":"closed","template":"elementor_header_footer","meta":{"footnotes":""},"class_list":["post-990","page","type-page","status-publish","hentry"],"aioseo_notices":[],"_links":{"self":[{"href":"https:\/\/efendibilisim.com.tr\/en\/wp-json\/wp\/v2\/pages\/990","targetHints":{"allow":["GET"]}}],"collection":[{"href":"https:\/\/efendibilisim.com.tr\/en\/wp-json\/wp\/v2\/pages"}],"about":[{"href":"https:\/\/efendibilisim.com.tr\/en\/wp-json\/wp\/v2\/types\/page"}],"author":[{"embeddable":true,"href":"https:\/\/efendibilisim.com.tr\/en\/wp-json\/wp\/v2\/users\/1"}],"replies":[{"embeddable":true,"href":"https:\/\/efendibilisim.com.tr\/en\/wp-json\/wp\/v2\/comments?post=990"}],"version-history":[{"count":52,"href":"https:\/\/efendibilisim.com.tr\/en\/wp-json\/wp\/v2\/pages\/990\/revisions"}],"predecessor-version":[{"id":1763,"href":"https:\/\/efendibilisim.com.tr\/en\/wp-json\/wp\/v2\/pages\/990\/revisions\/1763"}],"wp:attachment":[{"href":"https:\/\/efendibilisim.com.tr\/en\/wp-json\/wp\/v2\/media?parent=990"}],"curies":[{"name":"wp","href":"https:\/\/api.w.org\/{rel}","templated":true}]}}