{"id":1003,"date":"2023-11-06T17:13:03","date_gmt":"2023-11-06T14:13:03","guid":{"rendered":"https:\/\/efendibilisim.com.tr\/?page_id=1003"},"modified":"2026-03-13T22:17:07","modified_gmt":"2026-03-13T19:17:07","slug":"neler-yapiyoruz","status":"publish","type":"page","link":"https:\/\/efendibilisim.com.tr\/en\/neler-yapiyoruz\/","title":{"rendered":"What Do We Do?"},"content":{"rendered":"<div data-elementor-type=\"wp-page\" data-elementor-id=\"1003\" class=\"elementor elementor-1003\" data-elementor-post-type=\"page\">\n\t\t\t\t\t\t<section class=\"elementor-section elementor-top-section elementor-element elementor-element-5eaaa4ef elementor-section-boxed elementor-section-height-default elementor-section-height-default\" data-id=\"5eaaa4ef\" data-element_type=\"section\" data-e-type=\"section\" data-settings=\"{&quot;background_background&quot;:&quot;classic&quot;}\">\n\t\t\t\t\t\t\t<div class=\"elementor-background-overlay\"><\/div>\n\t\t\t\t\t\t\t<div class=\"elementor-container elementor-column-gap-default\">\n\t\t\t\t\t<div class=\"elementor-column elementor-col-100 elementor-top-column elementor-element elementor-element-2c85fa06\" data-id=\"2c85fa06\" data-element_type=\"column\" data-e-type=\"column\">\n\t\t\t<div class=\"elementor-widget-wrap elementor-element-populated\">\n\t\t\t\t\t\t<div class=\"elementor-element elementor-element-3210327b elementor-view-default elementor-invisible elementor-widget elementor-widget-icon\" data-id=\"3210327b\" data-element_type=\"widget\" data-e-type=\"widget\" data-settings=\"{&quot;_animation&quot;:&quot;fadeInUp&quot;}\" data-widget_type=\"icon.default\">\n\t\t\t\t<div class=\"elementor-widget-container\">\n\t\t\t\t\t\t\t<div class=\"elementor-icon-wrapper\">\n\t\t\t<div class=\"elementor-icon\">\n\t\t\t<i aria-hidden=\"true\" class=\"fas fa-users-cog\"><\/i>\t\t\t<\/div>\n\t\t<\/div>\n\t\t\t\t\t\t<\/div>\n\t\t\t\t<\/div>\n\t\t\t\t<div class=\"elementor-element elementor-element-4a2cbc27 elementor-invisible elementor-widget elementor-widget-heading\" data-id=\"4a2cbc27\" data-element_type=\"widget\" data-e-type=\"widget\" data-settings=\"{&quot;_animation&quot;:&quot;fadeInUp&quot;,&quot;_animation_delay&quot;:100}\" data-widget_type=\"heading.default\">\n\t\t\t\t<div class=\"elementor-widget-container\">\n\t\t\t\t\t<h1 class=\"elementor-heading-title elementor-size-default\">What Do We Do? <\/h1>\t\t\t\t<\/div>\n\t\t\t\t<\/div>\n\t\t\t\t\t<\/div>\n\t\t<\/div>\n\t\t\t\t\t<\/div>\n\t\t<\/section>\n\t\t\t\t<section class=\"elementor-section elementor-top-section elementor-element elementor-element-2316c203 elementor-section-boxed elementor-section-height-default elementor-section-height-default\" data-id=\"2316c203\" data-element_type=\"section\" data-e-type=\"section\">\n\t\t\t\t\t\t<div class=\"elementor-container elementor-column-gap-default\">\n\t\t\t\t\t<div class=\"elementor-column elementor-col-50 elementor-top-column elementor-element elementor-element-2b828b49\" data-id=\"2b828b49\" data-element_type=\"column\" data-e-type=\"column\">\n\t\t\t<div class=\"elementor-widget-wrap elementor-element-populated\">\n\t\t\t\t\t\t<div class=\"elementor-element elementor-element-5d9dc61f elementor-invisible elementor-widget elementor-widget-heading\" data-id=\"5d9dc61f\" data-element_type=\"widget\" data-e-type=\"widget\" data-settings=\"{&quot;_animation&quot;:&quot;fadeInUp&quot;}\" data-widget_type=\"heading.default\">\n\t\t\t\t<div class=\"elementor-widget-container\">\n\t\t\t\t\t<h3 class=\"elementor-heading-title elementor-size-default\">What Do We Do?<\/h3>\t\t\t\t<\/div>\n\t\t\t\t<\/div>\n\t\t\t\t<div class=\"elementor-element elementor-element-62f25df0 elementor-widget__width-initial elementor-invisible elementor-widget elementor-widget-text-editor\" data-id=\"62f25df0\" data-element_type=\"widget\" data-e-type=\"widget\" data-settings=\"{&quot;_animation&quot;:&quot;fadeInUp&quot;,&quot;_animation_delay&quot;:100}\" data-widget_type=\"text-editor.default\">\n\t\t\t\t<div class=\"elementor-widget-container\">\n\t\t\t\t\t\t\t\t\t<h5>We digitalize cities and transform data into a manageable strategic power.<\/h5>\t\t\t\t\t\t\t\t<\/div>\n\t\t\t\t<\/div>\n\t\t\t\t<div class=\"elementor-element elementor-element-0ae35ec elementor-widget__width-initial elementor-invisible elementor-widget elementor-widget-text-editor\" data-id=\"0ae35ec\" data-element_type=\"widget\" data-e-type=\"widget\" data-settings=\"{&quot;_animation&quot;:&quot;fadeInUp&quot;,&quot;_animation_delay&quot;:100}\" data-widget_type=\"text-editor.default\">\n\t\t\t\t<div class=\"elementor-widget-container\">\n\t\t\t\t\t\t\t\t\t<p><b>We Don\u2019t Just Scan; We \"Georeference;<\/b> A standard digital archive only allows searches by file name. We link every document to its real-world location (boundaries, parcels, etc.) on the map. Instead of getting lost in archive rooms, simply click on a parcel on the map to access all historical documents in seconds.<\/p><p><b>2. We Provide Legal Assurance Through Intelligent Indexing;<\/b> We don\u2019t just convert documents into PDFs; we make them cross-queryable with council decisions, public notice records, and institutional opinions. This allows you to view the entire legal history of a zoning amendment on a single screen, reducing the risk of error to zero.<\/p><p><b data-path-to-node=\"3,2\" data-index-in-node=\"0\">3. We Establish Future-Proof Data Architectures;<\/b> We don\u2019t lock your data into closed systems. Thanks to the databases we develop in international standards such as PostgreSQL, MSSQL, and GML, your system remains fully compatible with all current and future GIS platforms, including ArcGIS, and QGIS.<\/p><p><b>4. Live Geospatial Services and Web-Based Management;<\/b> We build a live data ecosystem streaming via web services (WMS\/WFS)\u2014unbound from the constraints of the desktop.<\/p>\t\t\t\t\t\t\t\t<\/div>\n\t\t\t\t<\/div>\n\t\t\t\t\t<\/div>\n\t\t<\/div>\n\t\t\t\t<div class=\"elementor-column elementor-col-50 elementor-top-column elementor-element elementor-element-8770849\" data-id=\"8770849\" data-element_type=\"column\" data-e-type=\"column\">\n\t\t\t<div class=\"elementor-widget-wrap elementor-element-populated\">\n\t\t\t\t\t\t<div class=\"elementor-element elementor-element-68bc5a9 elementor-invisible elementor-widget elementor-widget-image\" data-id=\"68bc5a9\" data-element_type=\"widget\" data-e-type=\"widget\" data-settings=\"{&quot;_animation&quot;:&quot;fadeInUp&quot;,&quot;_animation_delay&quot;:200}\" data-widget_type=\"image.default\">\n\t\t\t\t<div class=\"elementor-widget-container\">\n\t\t\t\t\t\t\t\t\t\t\t\t\t\t\t<img fetchpriority=\"high\" decoding=\"async\" width=\"800\" height=\"437\" src=\"https:\/\/efendibilisim.com.tr\/wp-content\/uploads\/2026\/02\/GORSEL-1024x559.webp\" class=\"attachment-large size-large wp-image-1621\" alt=\"\" srcset=\"https:\/\/efendibilisim.com.tr\/wp-content\/uploads\/2026\/02\/GORSEL-1024x559.webp 1024w, https:\/\/efendibilisim.com.tr\/wp-content\/uploads\/2026\/02\/GORSEL-300x164.webp 300w, https:\/\/efendibilisim.com.tr\/wp-content\/uploads\/2026\/02\/GORSEL-768x419.webp 768w, https:\/\/efendibilisim.com.tr\/wp-content\/uploads\/2026\/02\/GORSEL-1536x838.webp 1536w, https:\/\/efendibilisim.com.tr\/wp-content\/uploads\/2026\/02\/GORSEL-scaled.webp 1920w, https:\/\/efendibilisim.com.tr\/wp-content\/uploads\/2026\/02\/GORSEL-18x10.webp 18w\" sizes=\"(max-width: 800px) 100vw, 800px\" \/>\t\t\t\t\t\t\t\t\t\t\t\t\t\t\t<\/div>\n\t\t\t\t<\/div>\n\t\t\t\t<div class=\"elementor-element elementor-element-8f68d56 elementor-invisible elementor-widget elementor-widget-text-editor\" data-id=\"8f68d56\" data-element_type=\"widget\" data-e-type=\"widget\" data-settings=\"{&quot;_animation&quot;:&quot;fadeInUp&quot;,&quot;_animation_delay&quot;:100}\" data-widget_type=\"text-editor.default\">\n\t\t\t\t<div class=\"elementor-widget-container\">\n\t\t\t\t\t\t\t\t\t<p>We specialize in the digitization, organization, and intelligent enhancement of geospatial data, with a primary focus on urban zoning plans.<br \/>We produce geospatial data in various database formats such as PostgreSQL, MSSQL, MDB, and GML by obtaining up-to-date holistic plan data, intelligently enhancing these plans, and establishing dynamic links between zoning plans and critical documents, including council decisions, public notice records, and institutional opinions.<br \/>We operate in the fields of classifying, scanning, and indexing projects, maps, and documents, creating spatial relational databases, and establishing geospatial-based digital archive systems.<\/p>\t\t\t\t\t\t\t\t<\/div>\n\t\t\t\t<\/div>\n\t\t\t\t\t<\/div>\n\t\t<\/div>\n\t\t\t\t\t<\/div>\n\t\t<\/section>\n\t\t\t\t<section class=\"elementor-section elementor-top-section elementor-element elementor-element-78d3bbf elementor-section-boxed elementor-section-height-default elementor-section-height-default\" data-id=\"78d3bbf\" data-element_type=\"section\" data-e-type=\"section\" data-settings=\"{&quot;background_background&quot;:&quot;classic&quot;}\">\n\t\t\t\t\t\t<div class=\"elementor-container elementor-column-gap-default\">\n\t\t\t\t\t<div class=\"elementor-column elementor-col-100 elementor-top-column elementor-element elementor-element-7beb7710\" data-id=\"7beb7710\" data-element_type=\"column\" data-e-type=\"column\">\n\t\t\t<div class=\"elementor-widget-wrap elementor-element-populated\">\n\t\t\t\t\t\t<section class=\"elementor-section elementor-inner-section elementor-element elementor-element-4d51f124 elementor-section-boxed elementor-section-height-default elementor-section-height-default\" data-id=\"4d51f124\" data-element_type=\"section\" data-e-type=\"section\">\n\t\t\t\t\t\t<div class=\"elementor-container elementor-column-gap-default\">\n\t\t\t\t\t<div class=\"elementor-column elementor-col-100 elementor-inner-column elementor-element elementor-element-4a3639aa\" data-id=\"4a3639aa\" data-element_type=\"column\" data-e-type=\"column\">\n\t\t\t<div class=\"elementor-widget-wrap elementor-element-populated\">\n\t\t\t\t\t\t<div class=\"elementor-element elementor-element-1b3c0c68 elementor-position-top elementor-invisible elementor-widget elementor-widget-image-box\" data-id=\"1b3c0c68\" data-element_type=\"widget\" data-e-type=\"widget\" data-settings=\"{&quot;_animation&quot;:&quot;fadeInUp&quot;,&quot;_animation_delay&quot;:100}\" data-widget_type=\"image-box.default\">\n\t\t\t\t<div class=\"elementor-widget-container\">\n\t\t\t\t\t<div class=\"elementor-image-box-wrapper\"><figure class=\"elementor-image-box-img\"><img decoding=\"async\" width=\"150\" height=\"150\" src=\"https:\/\/efendibilisim.com.tr\/wp-content\/uploads\/2023\/10\/50-it-services-line-icons-68UBAV_2-150x150.webp\" class=\"attachment-thumbnail size-thumbnail wp-image-55\" alt=\"\" srcset=\"https:\/\/efendibilisim.com.tr\/wp-content\/uploads\/2023\/10\/50-it-services-line-icons-68UBAV_2-150x150.webp 150w, https:\/\/efendibilisim.com.tr\/wp-content\/uploads\/2023\/10\/50-it-services-line-icons-68UBAV_2-300x300.webp 300w, https:\/\/efendibilisim.com.tr\/wp-content\/uploads\/2023\/10\/50-it-services-line-icons-68UBAV_2.webp 500w\" sizes=\"(max-width: 150px) 100vw, 150px\" \/><\/figure><div class=\"elementor-image-box-content\"><h4 class=\"elementor-image-box-title\">Geospatial Data Engineering<\/h4><p class=\"elementor-image-box-description\">We transform raw data into standard-compliant (INSPIRE\/OGC) formats to create analyzable datasets.<br><b>Stop speculating. Start deciding with data-driven insights.<\/b><\/p><\/div><\/div>\t\t\t\t<\/div>\n\t\t\t\t<\/div>\n\t\t\t\t<div class=\"elementor-element elementor-element-5a5c6f3c elementor-position-top elementor-invisible elementor-widget elementor-widget-image-box\" data-id=\"5a5c6f3c\" data-element_type=\"widget\" data-e-type=\"widget\" data-settings=\"{&quot;_animation&quot;:&quot;fadeInUp&quot;,&quot;_animation_delay&quot;:300}\" data-widget_type=\"image-box.default\">\n\t\t\t\t<div class=\"elementor-widget-container\">\n\t\t\t\t\t<div class=\"elementor-image-box-wrapper\"><figure class=\"elementor-image-box-img\"><img decoding=\"async\" width=\"150\" height=\"150\" src=\"https:\/\/efendibilisim.com.tr\/wp-content\/uploads\/2023\/10\/50-it-services-line-icons-68UBAV_3-1-150x150.webp\" class=\"attachment-thumbnail size-thumbnail wp-image-58\" alt=\"\" srcset=\"https:\/\/efendibilisim.com.tr\/wp-content\/uploads\/2023\/10\/50-it-services-line-icons-68UBAV_3-1-150x150.webp 150w, https:\/\/efendibilisim.com.tr\/wp-content\/uploads\/2023\/10\/50-it-services-line-icons-68UBAV_3-1-300x300.webp 300w, https:\/\/efendibilisim.com.tr\/wp-content\/uploads\/2023\/10\/50-it-services-line-icons-68UBAV_3-1.webp 500w\" sizes=\"(max-width: 150px) 100vw, 150px\" \/><\/figure><div class=\"elementor-image-box-content\"><h4 class=\"elementor-image-box-title\">Web-Based Geospatial Services and Application Development.<\/h4><p class=\"elementor-image-box-description\">We publish zoning plans and geospatial archives via web services in compliance with OGC standards (WMS, WFS); we develop custom web and mobile interfaces specifically tailored to institutions for seamless data analysis and sharing.<br><b>Ensure secure access to data from anywhere. Eliminate bureaucracy and time loss by digitalizing intra-institutional and inter-institutional data sharing.<\/b><\/p><\/div><\/div>\t\t\t\t<\/div>\n\t\t\t\t<\/div>\n\t\t\t\t<div class=\"elementor-element elementor-element-742744c6 elementor-position-top elementor-invisible elementor-widget elementor-widget-image-box\" data-id=\"742744c6\" data-element_type=\"widget\" data-e-type=\"widget\" data-settings=\"{&quot;_animation&quot;:&quot;fadeInUp&quot;}\" data-widget_type=\"image-box.default\">\n\t\t\t\t<div class=\"elementor-widget-container\">\n\t\t\t\t\t<div class=\"elementor-image-box-wrapper\"><figure class=\"elementor-image-box-img\"><img loading=\"lazy\" decoding=\"async\" width=\"150\" height=\"150\" src=\"https:\/\/efendibilisim.com.tr\/wp-content\/uploads\/2023\/10\/50-it-services-line-icons-68UBAV-150x150.webp\" class=\"attachment-thumbnail size-thumbnail wp-image-52\" alt=\"\" srcset=\"https:\/\/efendibilisim.com.tr\/wp-content\/uploads\/2023\/10\/50-it-services-line-icons-68UBAV-150x150.webp 150w, https:\/\/efendibilisim.com.tr\/wp-content\/uploads\/2023\/10\/50-it-services-line-icons-68UBAV-300x300.webp 300w, https:\/\/efendibilisim.com.tr\/wp-content\/uploads\/2023\/10\/50-it-services-line-icons-68UBAV.webp 500w\" sizes=\"(max-width: 150px) 100vw, 150px\" \/><\/figure><div class=\"elementor-image-box-content\"><h4 class=\"elementor-image-box-title\">Intelligent Urban Planning<\/h4><p class=\"elementor-image-box-description\"><span data-path-to-node=\"9,1,0,0\"><b data-path-to-node=\"9,1,0,0\" data-index-in-node=\"0\"><\/b><\/span><span data-path-to-node=\"9,1,1,0\">We transform zoning plans from mere drawings into intelligent, queryable GIS datasets.<\/span><br><b>Search through complex plans in seconds and minimize error rates.<\/b><\/p><\/div><\/div>\t\t\t\t<\/div>\n\t\t\t\t<\/div>\n\t\t\t\t<div class=\"elementor-element elementor-element-40e2e3ad elementor-position-top elementor-invisible elementor-widget elementor-widget-image-box\" data-id=\"40e2e3ad\" data-element_type=\"widget\" data-e-type=\"widget\" data-settings=\"{&quot;_animation&quot;:&quot;fadeInUp&quot;,&quot;_animation_delay&quot;:200}\" data-widget_type=\"image-box.default\">\n\t\t\t\t<div class=\"elementor-widget-container\">\n\t\t\t\t\t<div class=\"elementor-image-box-wrapper\"><figure class=\"elementor-image-box-img\"><img loading=\"lazy\" decoding=\"async\" width=\"150\" height=\"150\" src=\"https:\/\/efendibilisim.com.tr\/wp-content\/uploads\/2023\/10\/50-it-services-line-icons-68UBAV_4-150x150.webp\" class=\"attachment-thumbnail size-thumbnail wp-image-53\" alt=\"\" srcset=\"https:\/\/efendibilisim.com.tr\/wp-content\/uploads\/2023\/10\/50-it-services-line-icons-68UBAV_4-150x150.webp 150w, https:\/\/efendibilisim.com.tr\/wp-content\/uploads\/2023\/10\/50-it-services-line-icons-68UBAV_4-300x300.webp 300w, https:\/\/efendibilisim.com.tr\/wp-content\/uploads\/2023\/10\/50-it-services-line-icons-68UBAV_4.webp 500w\" sizes=\"(max-width: 150px) 100vw, 150px\" \/><\/figure><div class=\"elementor-image-box-content\"><h4 class=\"elementor-image-box-title\">Geospatial Digital Archive<\/h4><p class=\"elementor-image-box-description\">We transition your physical archives into the digital world and link every document to its precise location on the map.<br><b>Stop wasting time in archive rooms; access all historical documents related to a parcel with just a single click.<\/b><\/p><\/div><\/div>\t\t\t\t<\/div>\n\t\t\t\t<\/div>\n\t\t\t\t<div class=\"elementor-element elementor-element-6d6709c3 elementor-position-top elementor-invisible elementor-widget elementor-widget-image-box\" data-id=\"6d6709c3\" data-element_type=\"widget\" data-e-type=\"widget\" data-settings=\"{&quot;_animation&quot;:&quot;fadeInUp&quot;,&quot;_animation_delay&quot;:250}\" data-widget_type=\"image-box.default\">\n\t\t\t\t<div class=\"elementor-widget-container\">\n\t\t\t\t\t<div class=\"elementor-image-box-wrapper\"><figure class=\"elementor-image-box-img\"><img loading=\"lazy\" decoding=\"async\" width=\"150\" height=\"150\" src=\"https:\/\/efendibilisim.com.tr\/wp-content\/uploads\/2023\/10\/50-it-services-line-icons-68UBAV_5-150x150.webp\" class=\"attachment-thumbnail size-thumbnail wp-image-56\" alt=\"\" srcset=\"https:\/\/efendibilisim.com.tr\/wp-content\/uploads\/2023\/10\/50-it-services-line-icons-68UBAV_5-150x150.webp 150w, https:\/\/efendibilisim.com.tr\/wp-content\/uploads\/2023\/10\/50-it-services-line-icons-68UBAV_5-300x300.webp 300w, https:\/\/efendibilisim.com.tr\/wp-content\/uploads\/2023\/10\/50-it-services-line-icons-68UBAV_5.webp 500w\" sizes=\"(max-width: 150px) 100vw, 150px\" \/><\/figure><div class=\"elementor-image-box-content\"><h4 class=\"elementor-image-box-title\">Integrated Database Solutions<\/h4><p class=\"elementor-image-box-description\">We consolidate your data from diverse formats (CAD, GIS, MDB, SQL, Excel, etc.) into unified relational databases.<br><b>Eliminate data silos; ensure all your departments operate through a unified, up-to-date, and shared database.<\/b><\/p><\/div><\/div>\t\t\t\t<\/div>\n\t\t\t\t<\/div>\n\t\t\t\t\t<\/div>\n\t\t<\/div>\n\t\t\t\t\t<\/div>\n\t\t<\/section>\n\t\t\t\t\t<\/div>\n\t\t<\/div>\n\t\t\t\t\t<\/div>\n\t\t<\/section>\n\t\t\t\t<\/div>","protected":false},"excerpt":{"rendered":"<p>Neler Yap\u0131yoruz? Neler Yap\u0131yoruz? \u015eehirleri dijitalle\u015ftiriyor, veriyi y\u00f6netilebilir stratejik g\u00fcce d\u00f6n\u00fc\u015ft\u00fcr\u00fcyoruz. 1. Sadece Tarama De\u011fil, &#8220;Konumland\u0131rma&#8221; Yap\u0131yoruz; S\u0131radan bir dijital ar\u015fiv sadece dosya ad\u0131yla arama yapman\u0131za izin verir. Biz ise her belgeyi harita \u00fczerindeki ger\u00e7ek konumuyla (s\u0131n\u0131r, parsel vb.) ili\u015fkilendiriyoruz. Ar\u015fiv odas\u0131nda kaybolmak yerine, harita \u00fczerinde parsele t\u0131klay\u0131p t\u00fcm ge\u00e7mi\u015f dok\u00fcmanlara saniyeler i\u00e7inde ula\u015f\u0131rs\u0131n\u0131z. 2. [&hellip;]<\/p>\n","protected":false},"author":1,"featured_media":0,"parent":0,"menu_order":0,"comment_status":"closed","ping_status":"closed","template":"elementor_header_footer","meta":{"footnotes":""},"class_list":["post-1003","page","type-page","status-publish","hentry"],"aioseo_notices":[],"_links":{"self":[{"href":"https:\/\/efendibilisim.com.tr\/en\/wp-json\/wp\/v2\/pages\/1003","targetHints":{"allow":["GET"]}}],"collection":[{"href":"https:\/\/efendibilisim.com.tr\/en\/wp-json\/wp\/v2\/pages"}],"about":[{"href":"https:\/\/efendibilisim.com.tr\/en\/wp-json\/wp\/v2\/types\/page"}],"author":[{"embeddable":true,"href":"https:\/\/efendibilisim.com.tr\/en\/wp-json\/wp\/v2\/users\/1"}],"replies":[{"embeddable":true,"href":"https:\/\/efendibilisim.com.tr\/en\/wp-json\/wp\/v2\/comments?post=1003"}],"version-history":[{"count":80,"href":"https:\/\/efendibilisim.com.tr\/en\/wp-json\/wp\/v2\/pages\/1003\/revisions"}],"predecessor-version":[{"id":1772,"href":"https:\/\/efendibilisim.com.tr\/en\/wp-json\/wp\/v2\/pages\/1003\/revisions\/1772"}],"wp:attachment":[{"href":"https:\/\/efendibilisim.com.tr\/en\/wp-json\/wp\/v2\/media?parent=1003"}],"curies":[{"name":"wp","href":"https:\/\/api.w.org\/{rel}","templated":true}]}}